{"id":246457,"date":"2024-11-04T15:50:12","date_gmt":"2024-11-04T14:50:12","guid":{"rendered":"https:\/\/louisxivenergy.com\/?post_type=product&#038;p=246457"},"modified":"2026-03-12T17:06:30","modified_gmt":"2026-03-12T16:06:30","slug":"boisson-energisante-louis-xiv-classique-25cl-24x-5-48x-10-kopie","status":"publish","type":"product","link":"https:\/\/louisxivenergy.com\/fr\/produkt\/boisson-energisante-louis-xiv-classique-25cl-24x-5-48x-10-kopie\/","title":{"rendered":"Boisson \u00e9nergisante Louis XIV Sans Sucre 25cl | 24x -5% | 48x -10%"},"content":{"rendered":"<h1>Boisson \u00e9nergisante Louis XIV Sans Sucre 25cl | 24x -5% | 48x -10%<\/h1>\n<p>D\u00e9couvrez notre boisson \u00e9nergisante royale de Louis XIV.<br \/>\nEnrichie de taurine, de caf\u00e9ine et d\u2019une vari\u00e9t\u00e9 de vitamines, notre boisson est le choix parfait pour commencer votre journ\u00e9e avec \u00e9lan ou pour recharger votre \u00e9nergie chaque fois que vous en avez besoin.<br \/>\nNotre boisson \u00e9nergisante Louis XIV est pasteuris\u00e9e afin de pr\u00e9server la fra\u00eecheur et la qualit\u00e9 de ses ingr\u00e9dients. Avec sa carbonatation p\u00e9tillante, il offre non seulement un go\u00fbt rafra\u00eechissant, mais aussi un effet revigorant qui vous fera d\u00e9marrer imm\u00e9diatement.<\/p>\n<p>Veuillez noter que notre boisson \u00e9nergisante a une teneur accrue en caf\u00e9ine et n\u2019est donc pas recommand\u00e9e pour les enfants et les femmes enceintes ou allaitantes (30 mg\/100 ml).<\/p>\n<p>Nous vous recommandons \u00e9galement d\u2019en consommer en quantit\u00e9 limit\u00e9e pour \u00e9viter une consommation excessive de caf\u00e9ine. La ration journali\u00e8re maximale recommand\u00e9e est de 500 ml.<\/p>\n<div class=\"et_pb_with_border et_pb_module et_pb_wc_tabs et_pb_wc_tabs_0_tb_body dfw-9-tabs et_pb_tabs \">\n<div class=\"et_pb_all_tabs\">\n<div class=\"et_pb_tab clearfix et_pb_active_content et-pb-active-slide\">\n<div class=\"et_pb_tab_content\">\n<p>Ingr\u00e9dients : eau, acide citrique, acide carbonique, r\u00e9gulateur de l\u2019acidit\u00e9, citrates de sodium, taurine (0,03 %), caf\u00e9ine (0,03 %), \u00e9dulcorants (cyclamate de sodique, aspartame*, ace-sulfame-K, saccharine de sodium), colorants E150c et E101, ar\u00f4me, inositol, niacine, acide pantoth\u00e9nique, vitamine B6 et vitamine B12. *Contient une source de ph\u00e9nylalale<\/p>\n<\/div>\n<\/div>\n<\/div>\n<\/div>\n<ul>\n<li>NOTEZ NOS PRIX PROGRESSIFS :<\/li>\n<li>1 x 24 canettes &#8211; 5% 1.75\/bo\u00eete<\/li>\n<li>2 x 24 bo\u00eetes -10% 1.66\/bo\u00eete<\/li>\n<\/ul>\n","protected":false},"excerpt":{"rendered":"<ul>\n<li>Frais et de haute qualit\u00e9<\/li>\n<li>Enrichi de taurine, de caf\u00e9ine et d\u2019une vari\u00e9t\u00e9 de vitamines<\/li>\n<li>La ration journali\u00e8re maximale recommand\u00e9e est de 500 ml<\/li>\n<li>Contenance : 24 x 25cl<\/li>\n<li>NOTEZ NOS PRIX PROGRESSIFS :<\/li>\n<li>1 x 24 canettes &#8211; 5% 1.75\/bo\u00eete<\/li>\n<li>2 x 24 bo\u00eetes -10% 1.66\/bo\u00eete<\/li>\n<\/ul>\n","protected":false},"featured_media":246868,"comment_status":"open","ping_status":"closed","template":"","meta":{"_et_pb_use_builder":"","_et_pb_old_content":"","_et_gb_content_width":""},"product_brand":[],"product_cat":[61],"product_tag":[87,92,86,91,90,88,94,89,93],"class_list":{"0":"post-246457","1":"product","2":"type-product","3":"status-publish","4":"has-post-thumbnail","6":"product_cat-boissons","7":"product_tag-boisson-energisante","8":"product_tag-cafeine","9":"product_tag-energie","10":"product_tag-exploit","11":"product_tag-force-fr","12":"product_tag-perseverance-fr","13":"product_tag-taurine-fr","14":"product_tag-vitalite","15":"product_tag-vitamine","16":"product_shipping_class-postpack-standart-fr","18":"first","19":"outofstock","20":"sale","21":"taxable","22":"shipping-taxable","23":"purchasable","24":"product-type-variable","25":"has-default-attributes"},"_links":{"self":[{"href":"https:\/\/louisxivenergy.com\/fr\/wp-json\/wp\/v2\/product\/246457","targetHints":{"allow":["GET"]}}],"collection":[{"href":"https:\/\/louisxivenergy.com\/fr\/wp-json\/wp\/v2\/product"}],"about":[{"href":"https:\/\/louisxivenergy.com\/fr\/wp-json\/wp\/v2\/types\/product"}],"replies":[{"embeddable":true,"href":"https:\/\/louisxivenergy.com\/fr\/wp-json\/wp\/v2\/comments?post=246457"}],"wp:featuredmedia":[{"embeddable":true,"href":"https:\/\/louisxivenergy.com\/fr\/wp-json\/wp\/v2\/media\/246868"}],"wp:attachment":[{"href":"https:\/\/louisxivenergy.com\/fr\/wp-json\/wp\/v2\/media?parent=246457"}],"wp:term":[{"taxonomy":"product_brand","embeddable":true,"href":"https:\/\/louisxivenergy.com\/fr\/wp-json\/wp\/v2\/product_brand?post=246457"},{"taxonomy":"product_cat","embeddable":true,"href":"https:\/\/louisxivenergy.com\/fr\/wp-json\/wp\/v2\/product_cat?post=246457"},{"taxonomy":"product_tag","embeddable":true,"href":"https:\/\/louisxivenergy.com\/fr\/wp-json\/wp\/v2\/product_tag?post=246457"}],"curies":[{"name":"wp","href":"https:\/\/api.w.org\/{rel}","templated":true}]}}