{"id":245276,"date":"2024-03-21T11:49:05","date_gmt":"2024-03-21T10:49:05","guid":{"rendered":"https:\/\/louisxivenergy.com\/produkt\/louis-xiv-vegan-24-x-250ml\/"},"modified":"2024-11-04T13:38:57","modified_gmt":"2024-11-04T12:38:57","slug":"louis-xiv-vegan-24-x-250ml","status":"publish","type":"product","link":"https:\/\/louisxivenergy.com\/fr\/produkt\/louis-xiv-vegan-24-x-250ml\/","title":{"rendered":"Boisson \u00e9nergisante Louis XIV Vegan 25cl | 24x -5% | 48x -10%"},"content":{"rendered":"<h1>Boisson \u00e9nergisante Louis XIV Vegan 25cl | 24x -5% | 48x -10%<\/h1>\n<p>L\u2019alternative fruit\u00e9e &#8211; Louis XIV se met au vegan&#8230;<\/p>\n<p>Le coup de fouet naturel de la caf\u00e9ine avec 8 vitamines. Aide \u00e0 am\u00e9liorer la capacit\u00e9 de concentration et \u00e0 augmenter le niveau de vigilance.<\/p>\n<p>Bouche : acidul\u00e9, fruit\u00e9, frais de pamplemousse et de citron<\/p>\n<p>Sans mauvaise conscience. Caf\u00e9ine naturelle pour un effet rapide.<br \/>\n8 vitamines anti-stress. \/ Douceur naturelle des fruits et vrai jus de fruits. \/ Guarana de haute qualit\u00e9 pour un effet encore plus durable. \/ Fruit\u00e9-acidul\u00e9 rafra\u00eechissant. La combinaison intelligemment coordonn\u00e9e d\u2019ingr\u00e9dients peut stimuler le m\u00e9tabolisme<br \/>\n \u00e9nerg\u00e9tique (B1, B3, B5, B12, C, biotine), activer le syst\u00e8me nerveux (B1, B3, B6, biotine) et soutenir le syst\u00e8me immunitaire (B6, B12, acide folique, C).<\/p>\n<p>D\u00e9velopp\u00e9 par le Dr Johannes Weingart.<\/p>\n<p>NOTEZ NOS PRIX<br \/>\nPROGRESSIFS 1 x 24 canettes &#8211; 5% ( 2.75\/canette)<br \/>\n2 x 24 canettes -10% ( 2.60\/ bo\u00eete)<\/p>\n","protected":false},"excerpt":{"rendered":"<ul>\n<li>V\u00e9g\u00e9talien<\/li>\n<li>Pas d\u2019\u00e9dulcorants<\/li>\n<li>Sans taurine<\/li>\n<li>Caf\u00e9ine naturelle<\/li>\n<li>Avec 8 vitamines ( 100% de couverture des besoins quotidiens )<\/li>\n<li>Guarana de haute qualit\u00e9<\/li>\n<li>Teneur en fruits 8,5%NOTEZ NOS PRIX<br \/>\nPROGRESSIFS 1 x 24 bo\u00eetes &#8211; 5% ( 2,75\/bo\u00eete)<br \/>\n2 x 24 bo\u00eetes -10% ( 2,60\/ bo\u00eete)<\/li>\n<\/ul>\n","protected":false},"featured_media":246244,"comment_status":"open","ping_status":"closed","template":"","meta":{"_et_pb_use_builder":"","_et_pb_old_content":"","_et_gb_content_width":""},"product_brand":[],"product_cat":[61],"product_tag":[101,100],"class_list":{"0":"post-245276","1":"product","2":"type-product","3":"status-publish","4":"has-post-thumbnail","6":"product_cat-boissons","7":"product_tag-24-flacons-de-250-ml","8":"product_tag-louis-xiv-vegan-fr","9":"product_shipping_class-postpack-standart-fr","11":"first","12":"outofstock","13":"sale","14":"taxable","15":"shipping-taxable","16":"purchasable","17":"product-type-variable","18":"has-default-attributes"},"_links":{"self":[{"href":"https:\/\/louisxivenergy.com\/fr\/wp-json\/wp\/v2\/product\/245276","targetHints":{"allow":["GET"]}}],"collection":[{"href":"https:\/\/louisxivenergy.com\/fr\/wp-json\/wp\/v2\/product"}],"about":[{"href":"https:\/\/louisxivenergy.com\/fr\/wp-json\/wp\/v2\/types\/product"}],"replies":[{"embeddable":true,"href":"https:\/\/louisxivenergy.com\/fr\/wp-json\/wp\/v2\/comments?post=245276"}],"wp:featuredmedia":[{"embeddable":true,"href":"https:\/\/louisxivenergy.com\/fr\/wp-json\/wp\/v2\/media\/246244"}],"wp:attachment":[{"href":"https:\/\/louisxivenergy.com\/fr\/wp-json\/wp\/v2\/media?parent=245276"}],"wp:term":[{"taxonomy":"product_brand","embeddable":true,"href":"https:\/\/louisxivenergy.com\/fr\/wp-json\/wp\/v2\/product_brand?post=245276"},{"taxonomy":"product_cat","embeddable":true,"href":"https:\/\/louisxivenergy.com\/fr\/wp-json\/wp\/v2\/product_cat?post=245276"},{"taxonomy":"product_tag","embeddable":true,"href":"https:\/\/louisxivenergy.com\/fr\/wp-json\/wp\/v2\/product_tag?post=245276"}],"curies":[{"name":"wp","href":"https:\/\/api.w.org\/{rel}","templated":true}]}}