{"id":245244,"date":"2024-03-20T16:26:55","date_gmt":"2024-03-20T15:26:55","guid":{"rendered":"https:\/\/louisxivenergy.com\/produkt\/louis-xiv-vegan-250ml\/"},"modified":"2024-09-30T16:16:45","modified_gmt":"2024-09-30T14:16:45","slug":"louis-xiv-vegan-250ml","status":"publish","type":"product","link":"https:\/\/louisxivenergy.com\/fr\/produkt\/louis-xiv-vegan-250ml\/","title":{"rendered":"Boisson \u00e9nergisante Louis XIV Vegan 25cl"},"content":{"rendered":"<h1>Boisson \u00e9nergisante Louis XIV Vegan 25cl<\/h1>\n<p>  L\u2019alternative fruit\u00e9e &#8211; Louis XIV se met au v\u00e9ganisme &#8230; Le coup de fouet naturel de la caf\u00e9ine avec 8 vitamines. Aide \u00e0 am\u00e9liorer la capacit\u00e9 de concentration et \u00e0 augmenter le niveau de vigilance. Go\u00fbt : acidul\u00e9, fruit\u00e9, frais de pamplemousse et de citrons Sans mauvaise conscience. Caf\u00e9ine naturelle pour un effet rapide. 8 vitamines anti-stress. \/ Douceur naturelle des fruits et vrai jus de fruits. \/ Guarana de haute qualit\u00e9 pour un effet encore plus durable. \/ Fruit\u00e9-acidul\u00e9 rafra\u00eechissant. La combinaison intelligemment coordonn\u00e9e d\u2019ingr\u00e9dients peut stimuler le m\u00e9tabolisme \u00e9nerg\u00e9tique (B1, B3, B5, B12, C, biotine), activer le syst\u00e8me nerveux (B1, B3, B6, biotine) et soutenir le syst\u00e8me immunitaire (B6, B12, acide folique, C). D\u00e9velopp\u00e9 par le Dr Johannes Weingart.<\/p>\n","protected":false},"excerpt":{"rendered":"<ul>\n<li>V\u00e9g\u00e9talien<\/li>\n<li>Pas d\u2019\u00e9dulcorants<\/li>\n<li>Sans taurine<\/li>\n<li>Caf\u00e9ine naturelle<\/li>\n<li>Avec 8 vitamines ( 100% de couverture des besoins quotidiens )<\/li>\n<li>Guarana de haute qualit\u00e9<\/li>\n<li>Teneur en fruits 8,5%<\/li>\n<li>Go\u00fbt fruit\u00e9-acidul\u00e9, rafra\u00eechissant<\/li>\n<\/ul>\n","protected":false},"featured_media":246238,"comment_status":"open","ping_status":"closed","template":"","meta":{"_et_pb_use_builder":"","_et_pb_old_content":"","_et_gb_content_width":""},"product_brand":[],"product_cat":[61],"product_tag":[97],"class_list":{"0":"post-245244","1":"product","2":"type-product","3":"status-publish","4":"has-post-thumbnail","6":"product_cat-boissons","7":"product_tag-vegetalien","8":"product_shipping_class-postpack-standart-fr","10":"first","11":"outofstock","12":"taxable","13":"shipping-taxable","14":"purchasable","15":"product-type-simple"},"_links":{"self":[{"href":"https:\/\/louisxivenergy.com\/fr\/wp-json\/wp\/v2\/product\/245244","targetHints":{"allow":["GET"]}}],"collection":[{"href":"https:\/\/louisxivenergy.com\/fr\/wp-json\/wp\/v2\/product"}],"about":[{"href":"https:\/\/louisxivenergy.com\/fr\/wp-json\/wp\/v2\/types\/product"}],"replies":[{"embeddable":true,"href":"https:\/\/louisxivenergy.com\/fr\/wp-json\/wp\/v2\/comments?post=245244"}],"wp:featuredmedia":[{"embeddable":true,"href":"https:\/\/louisxivenergy.com\/fr\/wp-json\/wp\/v2\/media\/246238"}],"wp:attachment":[{"href":"https:\/\/louisxivenergy.com\/fr\/wp-json\/wp\/v2\/media?parent=245244"}],"wp:term":[{"taxonomy":"product_brand","embeddable":true,"href":"https:\/\/louisxivenergy.com\/fr\/wp-json\/wp\/v2\/product_brand?post=245244"},{"taxonomy":"product_cat","embeddable":true,"href":"https:\/\/louisxivenergy.com\/fr\/wp-json\/wp\/v2\/product_cat?post=245244"},{"taxonomy":"product_tag","embeddable":true,"href":"https:\/\/louisxivenergy.com\/fr\/wp-json\/wp\/v2\/product_tag?post=245244"}],"curies":[{"name":"wp","href":"https:\/\/api.w.org\/{rel}","templated":true}]}}