{"id":244476,"date":"2024-02-04T17:18:21","date_gmt":"2024-02-04T16:18:21","guid":{"rendered":"https:\/\/louisxivenergy.com\/produkt\/louis-xiv-boisson-energisante-25cl\/"},"modified":"2024-09-30T16:23:52","modified_gmt":"2024-09-30T14:23:52","slug":"louis-xiv-boisson-energisante-25cl","status":"publish","type":"product","link":"https:\/\/louisxivenergy.com\/fr\/produkt\/louis-xiv-boisson-energisante-25cl\/","title":{"rendered":"Boisson \u00e9nergisante Louis XIV Classique 25cl"},"content":{"rendered":"<h1>Boisson \u00e9nergisante Louis XIV Classique 25cl<\/h1>\n<p>  D\u00e9couvrez notre boisson \u00e9nergisante royale de Louis XIV. Enrichie de taurine, de caf\u00e9ine et d\u2019une vari\u00e9t\u00e9 de vitamines, notre boisson est le choix id\u00e9al pour commencer votre journ\u00e9e sur un ton dynamique ou recharger votre \u00e9nergie quand vous en avez besoin. Notre boisson \u00e9nergisante Louis XIV est pasteuris\u00e9e afin de pr\u00e9server la fra\u00eecheur et la qualit\u00e9 de ses ingr\u00e9dients. Avec sa carbonatation p\u00e9tillante, il offre non seulement un go\u00fbt rafra\u00eechissant, mais aussi un effet revigorant qui vous fera d\u00e9marrer imm\u00e9diatement. Veuillez noter que notre boisson \u00e9nergisante a une teneur accrue en caf\u00e9ine et n\u2019est donc pas recommand\u00e9e pour les enfants et les femmes enceintes ou allaitantes (30 mg\/100 ml). Nous vous recommandons \u00e9galement d\u2019en consommer en quantit\u00e9 limit\u00e9e pour \u00e9viter une consommation excessive de caf\u00e9ine. La ration journali\u00e8re maximale recommand\u00e9e est de 500 ml. Ingr\u00e9dients : eau, sucre, acidifiant acide citrique, acide carbonique, citrates de sodium correcteur d\u2019acidit\u00e9, ar\u00f4me, taurine (0,03%), caf\u00e9ine (0,03%), glucuronolactone (0,024%), inositol (0,02%), vitamines&nbsp;: niacine, acide pantoth\u00e9nique, vitamine B6, riboflavine, vitamine B12&nbsp;; Colorant : Caramel au sulfite d\u2019ammonium<\/p>\n","protected":false},"excerpt":{"rendered":"<ul>\n<li>Frais et de haute qualit\u00e9<\/li>\n<li>Enrichi de taurine, de caf\u00e9ine et d\u2019une vari\u00e9t\u00e9 de vitamines<\/li>\n<li>La ration journali\u00e8re maximale recommand\u00e9e est de 500 ml<\/li>\n<li>Contenu : 25cl<\/li>\n<li>DLUO 01. 2026<\/li>\n<\/ul>\n","protected":false},"featured_media":244644,"comment_status":"open","ping_status":"closed","template":"","meta":{"_et_pb_use_builder":"","_et_pb_old_content":"","_et_gb_content_width":""},"product_brand":[],"product_cat":[61],"product_tag":[87,111,86,116,110,112,94],"class_list":{"0":"post-244476","1":"product","2":"type-product","3":"status-publish","4":"has-post-thumbnail","6":"product_cat-boissons","7":"product_tag-boisson-energisante","8":"product_tag-boissons-energisantes","9":"product_tag-energie","10":"product_tag-la-boisson-energisante-royale","11":"product_tag-louis-xiv-energie","12":"product_tag-regain-denergie","13":"product_tag-taurine-fr","14":"product_shipping_class-postpack-standart-fr","16":"first","17":"outofstock","18":"taxable","19":"shipping-taxable","20":"purchasable","21":"product-type-simple"},"_links":{"self":[{"href":"https:\/\/louisxivenergy.com\/fr\/wp-json\/wp\/v2\/product\/244476","targetHints":{"allow":["GET"]}}],"collection":[{"href":"https:\/\/louisxivenergy.com\/fr\/wp-json\/wp\/v2\/product"}],"about":[{"href":"https:\/\/louisxivenergy.com\/fr\/wp-json\/wp\/v2\/types\/product"}],"replies":[{"embeddable":true,"href":"https:\/\/louisxivenergy.com\/fr\/wp-json\/wp\/v2\/comments?post=244476"}],"wp:featuredmedia":[{"embeddable":true,"href":"https:\/\/louisxivenergy.com\/fr\/wp-json\/wp\/v2\/media\/244644"}],"wp:attachment":[{"href":"https:\/\/louisxivenergy.com\/fr\/wp-json\/wp\/v2\/media?parent=244476"}],"wp:term":[{"taxonomy":"product_brand","embeddable":true,"href":"https:\/\/louisxivenergy.com\/fr\/wp-json\/wp\/v2\/product_brand?post=244476"},{"taxonomy":"product_cat","embeddable":true,"href":"https:\/\/louisxivenergy.com\/fr\/wp-json\/wp\/v2\/product_cat?post=244476"},{"taxonomy":"product_tag","embeddable":true,"href":"https:\/\/louisxivenergy.com\/fr\/wp-json\/wp\/v2\/product_tag?post=244476"}],"curies":[{"name":"wp","href":"https:\/\/api.w.org\/{rel}","templated":true}]}}