{"id":246494,"date":"2024-11-05T11:08:55","date_gmt":"2024-11-05T10:08:55","guid":{"rendered":"https:\/\/louisxivenergy.com\/maojam\/"},"modified":"2024-11-05T11:18:01","modified_gmt":"2024-11-05T10:18:01","slug":"maojam","status":"publish","type":"page","link":"https:\/\/louisxivenergy.com\/fr\/maojam\/","title":{"rendered":"Maojam"},"content":{"rendered":"<p>[et_pb_section fb_built=\u00a0\u00bb1&Prime; _builder_version=\u00a0\u00bb4.27.2&Prime; background_color=\u00a0\u00bb#000000&Prime; global_colors_info=\u00a0\u00bb{}\u00a0\u00bb][et_pb_row _builder_version=\u00a0\u00bb4.16&Prime; background_size=\u00a0\u00bbinitial\u00a0\u00bb background_position=\u00a0\u00bbtop_left\u00a0\u00bb background_repeat=\u00a0\u00bbrepeat\u00a0\u00bb global_colors_info=\u00a0\u00bb{}\u00a0\u00bb][et_pb_column type=\u00a0\u00bb4_4&Prime; _builder_version=\u00a0\u00bb4.16&Prime; custom_padding=\u00a0\u00bb|||\u00a0\u00bb global_colors_info=\u00a0\u00bb{}\u00a0\u00bb custom_padding__hover=\u00a0\u00bb|||\u00a0\u00bb][et_pb_text _builder_version=\u00a0\u00bb4.16&Prime; background_size=\u00a0\u00bbinitial\u00a0\u00bb background_position=\u00a0\u00bbtop_left\u00a0\u00bb background_repeat=\u00a0\u00bbrepeat\u00a0\u00bb hover_enabled=\u00a0\u00bb0&Prime; global_colors_info=\u00a0\u00bb{}\u00a0\u00bb sticky_enabled=\u00a0\u00bb0&Prime;]<em><strong>Maojam \u2013 L\u2019application qui rend votre musique visible !<\/strong><\/em><\/p>\n<p><em>L\u2019id\u00e9e de Maojam est n\u00e9e d\u2019une passion pour permettre aux musiciens d\u2019obtenir plus facilement plus de concerts et de faire progresser leur carri\u00e8re. Que vous d\u00e9butiez ou que vous soyez sur sc\u00e8ne depuis un certain temps, Maojam vous offre la plate-forme dont vous avez besoin pour \u00eatre vu. <\/em><\/p>\n<p><em>Avec Maojam, vous pouvez trouver de nouveaux contrats, r\u00e9seauter avec des promoteurs et faire connaissance avec d\u2019autres esprits cr\u00e9atifs qui vous soutiennent sur votre chemin. Il ne s\u2019agit pas seulement de connexions, il s\u2019agit de faire entendre et c\u00e9l\u00e9brer votre musique ! L\u2019application vous aide \u00e0 d\u00e9velopper votre base de fans, \u00e0 augmenter votre port\u00e9e et \u00e0 d\u00e9velopper vos comp\u00e9tences.  <\/em><\/p>\n<p><em>Faites-en partie et faites partie de la communaut\u00e9 Maoyam. T\u00e9l\u00e9chargez l\u2019application d\u00e8s maintenant et faites passer votre musique l\u00e0 o\u00f9 elle doit \u00eatre : sur sc\u00e8ne ! <\/em><\/p>\n<p><em>Jouons sur Maojam<\/em><br \/>\n[\/et_pb_text][\/et_pb_column][\/et_pb_row][et_pb_row column_structure=\u00a0\u00bb1_2,1_2&Prime; _builder_version=\u00a0\u00bb4.27.2&Prime; _module_preset=\u00a0\u00bbdefault\u00a0\u00bb global_colors_info=\u00a0\u00bb{}\u00a0\u00bb][et_pb_column type=\u00a0\u00bb1_2&Prime; _builder_version=\u00a0\u00bb4.27.2&Prime; _module_preset=\u00a0\u00bbdefault\u00a0\u00bb global_colors_info=\u00a0\u00bb{}\u00a0\u00bb][et_pb_image src=\u00a0\u00bbhttps:\/\/louisxivenergy.com\/wp-content\/uploads\/2024\/11\/maojam-banner-logo.png\u00a0\u00bb align=\u00a0\u00bbcenter\u00a0\u00bb _builder_version=\u00a0\u00bb4.27.2&Prime; _module_preset=\u00a0\u00bbdefault\u00a0\u00bb global_colors_info=\u00a0\u00bb{}\u00a0\u00bb][\/et_pb_image][\/et_pb_column][et_pb_column type=\u00a0\u00bb1_2&Prime; _builder_version=\u00a0\u00bb4.27.2&Prime; _module_preset=\u00a0\u00bbdefault\u00a0\u00bb global_colors_info=\u00a0\u00bb{}\u00a0\u00bb][et_pb_image src=\u00a0\u00bbhttps:\/\/louisxivenergy.com\/wp-content\/uploads\/2024\/11\/webmail.hoststar.jpg\u00a0\u00bb title_text=\u00a0\u00bbwebmail.hoststar\u00a0\u00bb _builder_version=\u00a0\u00bb4.27.2&Prime; _module_preset=\u00a0\u00bbdefault\u00a0\u00bb global_colors_info=\u00a0\u00bb{}\u00a0\u00bb][\/et_pb_image][\/et_pb_column][\/et_pb_row][\/et_pb_section]<\/p>\n","protected":false},"excerpt":{"rendered":"<p>Maojam \u2013 L\u2019application qui rend votre musique visible ! L\u2019id\u00e9e de Maojam est n\u00e9e d\u2019une passion pour permettre aux musiciens d\u2019obtenir plus facilement plus de concerts et de faire progresser leur carri\u00e8re. Que vous d\u00e9butiez ou que vous soyez sur sc\u00e8ne depuis un certain temps, Maojam vous offre la plate-forme dont vous avez besoin pour [&hellip;]<\/p>\n","protected":false},"author":6,"featured_media":0,"parent":0,"menu_order":0,"comment_status":"closed","ping_status":"closed","template":"","meta":{"_et_pb_use_builder":"on","_et_pb_old_content":"<p><em><strong>Maojam \u2013 Die App, die eure Musik sichtbar macht!<\/strong><\/em><\/p><p><em>Die Idee zu Maojam entstand aus der Leidenschaft, MusikerInnen den Weg zu vereinfachen, mehr Auftritte zu bekommen und ihre Karriere voranzutreiben. Egal, ob du gerade erst anf\u00e4ngst oder schon l\u00e4nger auf der B\u00fchne stehst \u2013 Maojam bietet dir die Plattform, die du brauchst, um gesehen zu werden.<\/em><\/p><p><em>Mit Maojam findest du neue Gigs, vernetzt dich mit Veranstalter*innen und lernst andere kreative K\u00f6pfe kennen, die dich auf deinem Weg unterst\u00fctzen. Hier geht es nicht nur um Connections, sondern darum, dass deine Musik geh\u00f6rt und gefeiert wird! Die App hilft dir, deine Fanbase zu vergr\u00f6\u00dfern, deine Reichweite zu steigern und mit deinen Skills durchzustarten.<\/em><\/p><p><em>Sei dabei und werde Teil der Maojam-Community. Lade die App jetzt herunter und bring deine Musik dahin, wo sie hingeh\u00f6rt \u2013 auf die B\u00fchne!<\/em><\/p><p><em>Let`s jam on Maojam<\/em><\/p>","_et_gb_content_width":"","footnotes":""},"class_list":["post-246494","page","type-page","status-publish","hentry"],"_links":{"self":[{"href":"https:\/\/louisxivenergy.com\/fr\/wp-json\/wp\/v2\/pages\/246494","targetHints":{"allow":["GET"]}}],"collection":[{"href":"https:\/\/louisxivenergy.com\/fr\/wp-json\/wp\/v2\/pages"}],"about":[{"href":"https:\/\/louisxivenergy.com\/fr\/wp-json\/wp\/v2\/types\/page"}],"author":[{"embeddable":true,"href":"https:\/\/louisxivenergy.com\/fr\/wp-json\/wp\/v2\/users\/6"}],"replies":[{"embeddable":true,"href":"https:\/\/louisxivenergy.com\/fr\/wp-json\/wp\/v2\/comments?post=246494"}],"version-history":[{"count":13,"href":"https:\/\/louisxivenergy.com\/fr\/wp-json\/wp\/v2\/pages\/246494\/revisions"}],"predecessor-version":[{"id":246529,"href":"https:\/\/louisxivenergy.com\/fr\/wp-json\/wp\/v2\/pages\/246494\/revisions\/246529"}],"wp:attachment":[{"href":"https:\/\/louisxivenergy.com\/fr\/wp-json\/wp\/v2\/media?parent=246494"}],"curies":[{"name":"wp","href":"https:\/\/api.w.org\/{rel}","templated":true}]}}