{"id":246158,"date":"2024-08-23T10:08:18","date_gmt":"2024-08-23T08:08:18","guid":{"rendered":"https:\/\/louisxivenergy.com\/thommy_gunn\/"},"modified":"2024-09-01T13:21:10","modified_gmt":"2024-09-01T11:21:10","slug":"thommy_gunn","status":"publish","type":"page","link":"https:\/\/louisxivenergy.com\/fr\/thommy_gunn\/","title":{"rendered":"Thomy_Gunn"},"content":{"rendered":"<p>[et_pb_section fb_built=\u00a0\u00bb1&Prime; disabled_on=\u00a0\u00bboff|off|off\u00a0\u00bb _builder_version=\u00a0\u00bb4.24.0&Prime; _module_preset=\u00a0\u00bbdefault\u00a0\u00bb background_color=\u00a0\u00bb#000000&Prime; module_alignment=\u00a0\u00bbcenter\u00a0\u00bb module_alignment_tablet=\u00a0\u00bbcenter\u00a0\u00bb module_alignment_phone=\u00a0\u00bbcenter\u00a0\u00bb module_alignment_last_edited=\u00a0\u00bbon|phone\u00a0\u00bb global_colors_info=\u00a0\u00bb{}\u00a0\u00bb][et_pb_row use_custom_gutter=\u00a0\u00bbon\u00a0\u00bb make_equal=\u00a0\u00bbon\u00a0\u00bb _builder_version=\u00a0\u00bb4.22.2&Prime; _module_preset=\u00a0\u00bbdefault\u00a0\u00bb max_width=\u00a0\u00bb2560px\u00a0\u00bb global_colors_info=\u00a0\u00bb{}\u00a0\u00bb][et_pb_column type=\u00a0\u00bb4_4&Prime; _builder_version=\u00a0\u00bb4.22.2&Prime; _module_preset=\u00a0\u00bbdefault\u00a0\u00bb global_colors_info=\u00a0\u00bb{}\u00a0\u00bb][et_pb_heading title=\u00a0\u00bbThomy Gunn Tourn\u00e9e europ\u00e9enne 2024&Prime; admin_label=\u00a0\u00bb\u00dcberschrift H1&Prime; _builder_version=\u00a0\u00bb4.23.4&Prime; _module_preset=\u00a0\u00bbdefault\u00a0\u00bb title_font=\u00a0\u00bbITC New Baskerville||||||||\u00a0\u00bb title_text_align=\u00a0\u00bbcenter\u00a0\u00bb title_text_color=\u00a0\u00bb#FFFFFF\u00a0\u00bb title_font_size_tablet=\u00a0\u00bb\u00a0\u00bb title_font_size_phone=\u00a0\u00bb25px\u00a0\u00bb title_font_size_last_edited=\u00a0\u00bbon|phone\u00a0\u00bb global_colors_info=\u00a0\u00bb{}\u00a0\u00bb][\/et_pb_heading][\/et_pb_column][\/et_pb_row][et_pb_row column_structure=\u00a0\u00bb1_3,1_3,1_3&Prime; use_custom_gutter=\u00a0\u00bbon\u00a0\u00bb make_equal=\u00a0\u00bbon\u00a0\u00bb _builder_version=\u00a0\u00bb4.23.1&Prime; _module_preset=\u00a0\u00bbdefault\u00a0\u00bb width=\u00a0\u00bb85%\u00a0\u00bb width_tablet=\u00a0\u00bb\u00a0\u00bb width_phone=\u00a0\u00bb\u00a0\u00bb width_last_edited=\u00a0\u00bbon|tablet\u00a0\u00bb max_width=\u00a0\u00bb2560px\u00a0\u00bb max_width_tablet=\u00a0\u00bb\u00a0\u00bb max_width_phone=\u00a0\u00bb\u00a0\u00bb max_width_last_edited=\u00a0\u00bbon|desktop\u00a0\u00bb module_alignment=\u00a0\u00bbcenter\u00a0\u00bb min_height_tablet=\u00a0\u00bb\u00a0\u00bb min_height_phone=\u00a0\u00bb\u00a0\u00bb min_height_last_edited=\u00a0\u00bbon|tablet\u00a0\u00bb height_tablet=\u00a0\u00bb\u00a0\u00bb height_phone=\u00a0\u00bb\u00a0\u00bb height_last_edited=\u00a0\u00bbon|phone\u00a0\u00bb module_alignment_tablet=\u00a0\u00bbcenter\u00a0\u00bb module_alignment_phone=\u00a0\u00bbcenter\u00a0\u00bb module_alignment_last_edited=\u00a0\u00bbon|tablet\u00a0\u00bb global_colors_info=\u00a0\u00bb{}\u00a0\u00bb custom_css_main_element_last_edited=\u00a0\u00bbon|desktop\u00a0\u00bb][et_pb_column type=\u00a0\u00bb1_3&Prime; _builder_version=\u00a0\u00bb4.22.2&Prime; _module_preset=\u00a0\u00bbdefault\u00a0\u00bb global_colors_info=\u00a0\u00bb{}\u00a0\u00bb][et_pb_blurb url=\u00a0\u00bbhttps:\/\/www.instagram.com\/thomygunn_official\/\u00a0\u00bb url_new_window=\u00a0\u00bbon\u00a0\u00bb image=\u00a0\u00bbhttps:\/\/louisxivenergy.com\/wp-content\/uploads\/2024\/05\/Thomy-Gun-1.png\u00a0\u00bb alt=\u00a0\u00bbrichu\u00a0\u00bb image_icon_width=\u00a0\u00bb75%\u00a0\u00bb _builder_version=\u00a0\u00bb4.27.0&Prime; _module_preset=\u00a0\u00bbdefault\u00a0\u00bb header_font=\u00a0\u00bbITC New Baskerville||||||||\u00a0\u00bb header_text_align=\u00a0\u00bbcenter\u00a0\u00bb header_font_size=\u00a0\u00bb26px\u00a0\u00bb body_font=\u00a0\u00bbITC New Baskerville||||||||\u00a0\u00bb body_text_align=\u00a0\u00bbcenter\u00a0\u00bb custom_padding=\u00a0\u00bb50px|||||\u00a0\u00bb link_option_url=\u00a0\u00bbhttps:\/\/www.instagram.com\/thomygunn_official\/\u00a0\u00bb link_option_url_new_window=\u00a0\u00bbon\u00a0\u00bb header_font_size_tablet=\u00a0\u00bb26px\u00a0\u00bb header_font_size_phone=\u00a0\u00bb26px\u00a0\u00bb header_font_size_last_edited=\u00a0\u00bbon|phone\u00a0\u00bb body_font_size_tablet=\u00a0\u00bb\u00a0\u00bb body_font_size_phone=\u00a0\u00bb17px\u00a0\u00bb body_font_size_last_edited=\u00a0\u00bbon|tablet\u00a0\u00bb border_color_all=\u00a0\u00bb#E02B20&Prime; border_width_top=\u00a0\u00bb3px\u00a0\u00bb box_shadow_style=\u00a0\u00bbpreset1&Prime; global_colors_info=\u00a0\u00bb{}\u00a0\u00bb box_shadow_color__hover_enabled=\u00a0\u00bbon|hover\u00a0\u00bb box_shadow_color__hover=\u00a0\u00bb#FFFFFF\u00a0\u00bb][\/et_pb_blurb][\/et_pb_column][et_pb_column type=\u00a0\u00bb1_3&Prime; _builder_version=\u00a0\u00bb4.22.2&Prime; _module_preset=\u00a0\u00bbdefault\u00a0\u00bb global_colors_info=\u00a0\u00bb{}\u00a0\u00bb][et_pb_blurb image=\u00a0\u00bbhttps:\/\/louisxivenergy.com\/wp-content\/uploads\/2024\/08\/Europa-Tour-Poster-2024-kl.png\u00a0\u00bb alt=\u00a0\u00bbrichu\u00a0\u00bb image_icon_width=\u00a0\u00bb75%\u00a0\u00bb _builder_version=\u00a0\u00bb4.27.0&Prime; _module_preset=\u00a0\u00bbdefault\u00a0\u00bb header_font=\u00a0\u00bbITC New Baskerville||||||||\u00a0\u00bb header_text_align=\u00a0\u00bbcenter\u00a0\u00bb header_font_size=\u00a0\u00bb26px\u00a0\u00bb body_font=\u00a0\u00bbITC New Baskerville||||||||\u00a0\u00bb body_text_align=\u00a0\u00bbcenter\u00a0\u00bb custom_padding=\u00a0\u00bb50px|||||\u00a0\u00bb link_option_url=\u00a0\u00bbhttps:\/\/louisxivenergy.com\/fr\/maety\/\u00a0\u00bb header_font_size_tablet=\u00a0\u00bb26px\u00a0\u00bb header_font_size_phone=\u00a0\u00bb26px\u00a0\u00bb header_font_size_last_edited=\u00a0\u00bbon|phone\u00a0\u00bb body_font_size_tablet=\u00a0\u00bb\u00a0\u00bb body_font_size_phone=\u00a0\u00bb17px\u00a0\u00bb body_font_size_last_edited=\u00a0\u00bbon|tablet\u00a0\u00bb border_color_all=\u00a0\u00bb#E02B20&Prime; border_width_top=\u00a0\u00bb3px\u00a0\u00bb box_shadow_style=\u00a0\u00bbpreset1&Prime; global_colors_info=\u00a0\u00bb{}\u00a0\u00bb box_shadow_color__hover_enabled=\u00a0\u00bbon|hover\u00a0\u00bb box_shadow_color__hover=\u00a0\u00bb#FFFFFF\u00a0\u00bb][\/et_pb_blurb][et_pb_image src=\u00a0\u00bbhttps:\/\/louisxivenergy.com\/wp-content\/uploads\/2024\/05\/Instagram_logo_2016.svg.png\u00a0\u00bb title_text=\u00a0\u00bbInstagram_logo_2016.svg\u00a0\u00bb url=\u00a0\u00bbhttps:\/\/www.instagram.com\/thomygunn_official?igsh=MWU3bHQ2b2dodm44bA==\u00a0\u00bb url_new_window=\u00a0\u00bbon\u00a0\u00bb align=\u00a0\u00bbcenter\u00a0\u00bb _builder_version=\u00a0\u00bb4.27.0&Prime; _module_preset=\u00a0\u00bbdefault\u00a0\u00bb width=\u00a0\u00bb11%\u00a0\u00bb global_colors_info=\u00a0\u00bb{}\u00a0\u00bb][\/et_pb_image][\/et_pb_column][et_pb_column type=\u00a0\u00bb1_3&Prime; _builder_version=\u00a0\u00bb4.22.2&Prime; _module_preset=\u00a0\u00bbdefault\u00a0\u00bb global_colors_info=\u00a0\u00bb{}\u00a0\u00bb][et_pb_text _builder_version=\u00a0\u00bb4.27.0&Prime; _module_preset=\u00a0\u00bbdefault\u00a0\u00bb min_height=\u00a0\u00bb168px\u00a0\u00bb hover_enabled=\u00a0\u00bb0&Prime; border_color_all=\u00a0\u00bbRGBA(255,255,255,0)\u00a0\u00bb border_width_top=\u00a0\u00bb3px\u00a0\u00bb border_color_top=\u00a0\u00bb#E02B20&Prime; global_colors_info=\u00a0\u00bb{}\u00a0\u00bb sticky_enabled=\u00a0\u00bb0&Prime;]<\/p>\n<div> <\/div>\n<div>06 septembre 2024 Radio 15 &#8211; Uster \/ Suisse<\/div>\n<div> <\/div>\n<div>07 septembre 2024 Coq \u00e0 bascule &#8211; Haan \/ Allemagne<\/div>\n<div> <\/div>\n<div>13 septembre 2024 Weisses Ross &#8211; Lichtenau \/ Allemagne<\/div>\n<div> <\/div>\n<div>14 septembre 2024 Kulturfabrik &#8211; Wetzikon \/ Suisse<\/div>\n<div> <\/div>\n<div>20 septembre 2024 Caf\u00e9 Verkehr &#8211; Murg \/ Allemagne<\/div>\n<div> <\/div>\n<div>21 septembre 2024 JuZ &#8211; Tiengen \/ Allemagne<\/div>\n<div> <\/div>\n<div>28 septembre 2024 Metbar &#8211; Lenzburg \/ Suisse<\/div>\n<div> <\/div>\n<div>03 Octobre 2024 Rockwood &#8211; Ath\u00e8nes \/ Gr\u00e8ce<\/div>\n<div> <\/div>\n<div>04 Octobre 2024 Lazy Club &#8211; Ath\u00e8nes \/ Gr\u00e8ce<\/div>\n<div> <\/div>\n<div>05 octobre 2024 Nitro Club &#8211; Gliki \/ Gr\u00e8ce<\/div>\n<p>[\/et_pb_text][\/et_pb_column][\/et_pb_row][et_pb_row use_custom_gutter=\u00a0\u00bbon\u00a0\u00bb make_equal=\u00a0\u00bbon\u00a0\u00bb _builder_version=\u00a0\u00bb4.22.2&Prime; _module_preset=\u00a0\u00bbdefault\u00a0\u00bb max_width=\u00a0\u00bb2560px\u00a0\u00bb global_colors_info=\u00a0\u00bb{}\u00a0\u00bb][et_pb_column type=\u00a0\u00bb4_4&Prime; _builder_version=\u00a0\u00bb4.22.2&Prime; _module_preset=\u00a0\u00bbdefault\u00a0\u00bb global_colors_info=\u00a0\u00bb{}\u00a0\u00bb][et_pb_heading title=\u00a0\u00bb\u00c0 propos de Thomy Gunn\u00a0\u00bb admin_label=\u00a0\u00bb\u00dcberschrift H1&Prime; _builder_version=\u00a0\u00bb4.27.0&Prime; _module_preset=\u00a0\u00bbdefault\u00a0\u00bb title_font=\u00a0\u00bbITC New Baskerville||||||||\u00a0\u00bb title_text_align=\u00a0\u00bbcenter\u00a0\u00bb title_text_color=\u00a0\u00bb#FFFFFF\u00a0\u00bb title_font_size_tablet=\u00a0\u00bb\u00a0\u00bb title_font_size_phone=\u00a0\u00bb25px\u00a0\u00bb title_font_size_last_edited=\u00a0\u00bbon|phone\u00a0\u00bb global_colors_info=\u00a0\u00bb{}\u00a0\u00bb][\/et_pb_heading][et_pb_text _builder_version=\u00a0\u00bb4.27.0&Prime; _module_preset=\u00a0\u00bbdefault\u00a0\u00bb border_width_bottom=\u00a0\u00bb3px\u00a0\u00bb border_color_bottom=\u00a0\u00bb#E02B20&Prime; global_colors_info=\u00a0\u00bb{}\u00a0\u00bb]<\/p>\n<p>&nbsp;<\/p>\n<h5 style=\"text-align: center;\">N\u00e9 le 25 octobre 1994, Thomy Gunn est fascin\u00e9 par le monde de la musique depuis son plus jeune \u00e2ge.<br \/>\n\u00c0 l\u2019\u00e2ge de 4 ans, il s\u2019est mis \u00e0 la guitare \u00e9lectrique et a d\u00e9couvert sa passion pour cet instrument.<br \/>\nInspir\u00e9 par les sonorit\u00e9s l\u00e9gendaires des ann\u00e9es 80, Thomy a commenc\u00e9 \u00e0 fa\u00e7onner son propre parcours musical.  <\/h5>\n<p>&nbsp;<\/p>\n<h5 style=\"text-align: center;\">En tant qu\u2019auteur-compositeur et musicien, Thomy Gunn a une capacit\u00e9 unique \u00e0 tisser des m\u00e9lodies qui touchent le c\u0153ur des auditeurs.<br \/>\nSa musique rend hommage aux jours de gloire du rock des ann\u00e9es 80, mais avec une touche contemporaine et rafra\u00eechissante.<br \/>\nAvec des riffs puissants, des rythmes entra\u00eenants et des paroles accrocheuses, il emm\u00e8ne son public dans un voyage dans le temps.  <\/h5>\n<p>&nbsp;<\/p>\n<h5 style=\"text-align: center;\">Thomy Gunn n\u2019est pas seulement un musicien dou\u00e9, mais aussi un auteur-compositeur talentueux.<br \/>\nSes paroles refl\u00e8tent ses exp\u00e9riences personnelles et racontent des histoires d\u2019amour, de vie et des d\u00e9fis auxquels nous sommes confront\u00e9s chaque jour.<br \/>\n\u00c0 travers sa musique, il veut toucher, inspirer et connecter les gens.  <\/h5>\n<p>&nbsp;<\/p>\n<h5 style=\"text-align: center;\">Avec un grand nombre de performances et d\u2019enregistrements en studio, Thomy Gunn s\u2019est fait un nom sur la sc\u00e8ne musicale.<br \/>\nSes performances live \u00e9nergiques plongent le public en extase et le laissent sur sa faim. <\/h5>\n<p>&nbsp;<\/p>\n<h5 style=\"text-align: center;\">Plongez dans l\u2019univers de Thomy Gunn et laissez-vous envo\u00fbter par sa musique.<br \/>\nDes ballades puissantes aux hymnes rock entra\u00eenants, sa musique est une exp\u00e9rience inoubliable qui vous fera chanter et danser avec vous. <\/h5>\n<p>&nbsp;<\/p>\n<p>&nbsp;<\/p>\n<p>&nbsp;<\/p>\n<p>[\/et_pb_text][\/et_pb_column][\/et_pb_row][\/et_pb_section]<\/p>\n","protected":false},"excerpt":{"rendered":"<p>06 septembre 2024 Radio 15 &#8211; Uster \/ Suisse 07 septembre 2024 Coq \u00e0 bascule &#8211; Haan \/ Allemagne 13 septembre 2024 Weisses Ross &#8211; Lichtenau \/ Allemagne 14 septembre 2024 Kulturfabrik &#8211; Wetzikon \/ Suisse 20 septembre 2024 Caf\u00e9 Verkehr &#8211; Murg \/ Allemagne 21 septembre 2024 JuZ &#8211; Tiengen \/ Allemagne 28 septembre [&hellip;]<\/p>\n","protected":false},"author":6,"featured_media":0,"parent":0,"menu_order":0,"comment_status":"closed","ping_status":"closed","template":"","meta":{"_et_pb_use_builder":"on","_et_pb_old_content":"","_et_gb_content_width":"","footnotes":""},"class_list":["post-246158","page","type-page","status-publish","hentry"],"_links":{"self":[{"href":"https:\/\/louisxivenergy.com\/fr\/wp-json\/wp\/v2\/pages\/246158","targetHints":{"allow":["GET"]}}],"collection":[{"href":"https:\/\/louisxivenergy.com\/fr\/wp-json\/wp\/v2\/pages"}],"about":[{"href":"https:\/\/louisxivenergy.com\/fr\/wp-json\/wp\/v2\/types\/page"}],"author":[{"embeddable":true,"href":"https:\/\/louisxivenergy.com\/fr\/wp-json\/wp\/v2\/users\/6"}],"replies":[{"embeddable":true,"href":"https:\/\/louisxivenergy.com\/fr\/wp-json\/wp\/v2\/comments?post=246158"}],"version-history":[{"count":22,"href":"https:\/\/louisxivenergy.com\/fr\/wp-json\/wp\/v2\/pages\/246158\/revisions"}],"predecessor-version":[{"id":246253,"href":"https:\/\/louisxivenergy.com\/fr\/wp-json\/wp\/v2\/pages\/246158\/revisions\/246253"}],"wp:attachment":[{"href":"https:\/\/louisxivenergy.com\/fr\/wp-json\/wp\/v2\/media?parent=246158"}],"curies":[{"name":"wp","href":"https:\/\/api.w.org\/{rel}","templated":true}]}}