{"id":245506,"date":"2024-05-07T10:12:46","date_gmt":"2024-05-07T08:12:46","guid":{"rendered":"https:\/\/louisxivenergy.com\/travaillez-royalement\/"},"modified":"2024-05-08T19:31:18","modified_gmt":"2024-05-08T17:31:18","slug":"travaillez-royalement","status":"publish","type":"page","link":"https:\/\/louisxivenergy.com\/fr\/travaillez-royalement\/","title":{"rendered":"Travaillez royalement&#8230;"},"content":{"rendered":"<p>[et_pb_section fb_built=\u00a0\u00bb1&Prime; _builder_version=\u00a0\u00bb4.25.0&Prime; _module_preset=\u00a0\u00bbdefault\u00a0\u00bb background_color=\u00a0\u00bb#000000&Prime; collapsed=\u00a0\u00bboff\u00a0\u00bb global_colors_info=\u00a0\u00bb{}\u00a0\u00bb][et_pb_row _builder_version=\u00a0\u00bb4.25.0&Prime; _module_preset=\u00a0\u00bbdefault\u00a0\u00bb background_color=\u00a0\u00bb#000000&Prime; global_colors_info=\u00a0\u00bb{}\u00a0\u00bb][et_pb_column type=\u00a0\u00bb4_4&Prime; _builder_version=\u00a0\u00bb4.25.0&Prime; _module_preset=\u00a0\u00bbdefault\u00a0\u00bb global_colors_info=\u00a0\u00bb{}\u00a0\u00bb][et_pb_text _builder_version=\u00a0\u00bb4.25.0&Prime; _module_preset=\u00a0\u00bbdefault\u00a0\u00bb text_font=\u00a0\u00bb&#8211;et_global_body_font|800|||||||\u00a0\u00bb text_text_color=\u00a0\u00bb#D0AD41&Prime; header_font=\u00a0\u00bb&#8211;et_global_heading_font||||||||\u00a0\u00bb header_text_align=\u00a0\u00bbcenter\u00a0\u00bb header_text_color=\u00a0\u00bb#D0AD41&Prime; header_font_size=\u00a0\u00bb36px\u00a0\u00bb text_orientation=\u00a0\u00bbcenter\u00a0\u00bb module_alignment=\u00a0\u00bbcenter\u00a0\u00bb hover_enabled=\u00a0\u00bb0&Prime; header_font_size_tablet=\u00a0\u00bb30px\u00a0\u00bb header_font_size_phone=\u00a0\u00bb26px\u00a0\u00bb header_font_size_last_edited=\u00a0\u00bbon|phone\u00a0\u00bb global_colors_info=\u00a0\u00bb{}\u00a0\u00bb sticky_enabled=\u00a0\u00bb0&Prime;]<\/p>\n<h1>Travaillez royalement&#8230;<\/h1>\n<p>[\/et_pb_text][et_pb_text _builder_version=\u00a0\u00bb4.25.0&Prime; _module_preset=\u00a0\u00bbdefault\u00a0\u00bb text_font=\u00a0\u00bb&#8211;et_global_body_font|800|||||||\u00a0\u00bb text_text_color=\u00a0\u00bb#FFFFFF\u00a0\u00bb text_orientation=\u00a0\u00bbcenter\u00a0\u00bb module_alignment=\u00a0\u00bbcenter\u00a0\u00bb global_colors_info=\u00a0\u00bb{}\u00a0\u00bb]<\/p>\n<h6>Nous recrutons :<\/p>\n<p>Sp\u00e9cialiste des services sur le terrain, 100 %, mod\u00e8le de travail hybride<\/p>\n<p>La feuille est blanche &#8211; remplissez-la d\u2019\u00e9nergie positive&#8230;. ou avec une boisson \u00e9nergisante \ud83d\ude09 et Cie.<br \/>Nous compl\u00e9tons notre \u00e9quipe avec un sp\u00e9cialiste du service sur le terrain.<\/p>\n<p>\u00cates-vous aussi ing\u00e9nieux que nous ? Alors nous sommes peut-\u00eatre \u00e0 votre recherche pour cette activit\u00e9 passionnante, vari\u00e9e et enrichissante.<\/p>\n<p>Vos t\u00e2ches :<br \/>&#8211; Acquisition de nouveaux clients<br \/>&#8211; Construisez votre propre client\u00e8le<br \/>&#8211; Reprise et accompagnement des clients existants<br \/>&#8211; Participation \u00e0 des \u00e9v\u00e9nements<\/p>\n<p>Qu\u2019apportez-vous \u00e0 la table ?<br \/>&#8211; Exp\u00e9rience dans la vente et aime approcher les gens<br \/>&#8211; Flexibilit\u00e9, confiance dans la n\u00e9gociation<br \/>&#8211; \u00catre \u00e0 l\u2019aff\u00fbt des tendances et des innovations<\/p>\n<p>Si vous aimez travailler au sein d\u2019une \u00e9quipe dynamique avec un portefeuille de produits innovants, postulez d\u00e8s maintenant !<\/p>\n<p>Envoyez vos documents \u00e0 Georgette, <a class=\"app-aware-link \" href=\"mailto:g.flury@louisxivag.ch\" target=\"_self\" data-test-app-aware-link=\"\" rel=\"noopener\">g.flury@louisxivag.ch<\/a><\/h6>\n<p>[\/et_pb_text][\/et_pb_column][\/et_pb_row][\/et_pb_section]<\/p>\n","protected":false},"excerpt":{"rendered":"<p>Travaillez royalement&#8230;Nous recrutons : Sp\u00e9cialiste des services sur le terrain, 100 %, mod\u00e8le de travail hybride La feuille est blanche &#8211; remplissez-la d\u2019\u00e9nergie positive&#8230;. ou avec une boisson \u00e9nergisante \ud83d\ude09 et Cie.Nous compl\u00e9tons notre \u00e9quipe avec un sp\u00e9cialiste du service sur le terrain. \u00cates-vous aussi ing\u00e9nieux que nous ? Alors nous sommes peut-\u00eatre \u00e0 votre [&hellip;]<\/p>\n","protected":false},"author":6,"featured_media":0,"parent":0,"menu_order":0,"comment_status":"closed","ping_status":"closed","template":"","meta":{"_et_pb_use_builder":"on","_et_pb_old_content":"","_et_gb_content_width":"","footnotes":""},"class_list":["post-245506","page","type-page","status-publish","hentry"],"_links":{"self":[{"href":"https:\/\/louisxivenergy.com\/fr\/wp-json\/wp\/v2\/pages\/245506","targetHints":{"allow":["GET"]}}],"collection":[{"href":"https:\/\/louisxivenergy.com\/fr\/wp-json\/wp\/v2\/pages"}],"about":[{"href":"https:\/\/louisxivenergy.com\/fr\/wp-json\/wp\/v2\/types\/page"}],"author":[{"embeddable":true,"href":"https:\/\/louisxivenergy.com\/fr\/wp-json\/wp\/v2\/users\/6"}],"replies":[{"embeddable":true,"href":"https:\/\/louisxivenergy.com\/fr\/wp-json\/wp\/v2\/comments?post=245506"}],"version-history":[{"count":23,"href":"https:\/\/louisxivenergy.com\/fr\/wp-json\/wp\/v2\/pages\/245506\/revisions"}],"predecessor-version":[{"id":245609,"href":"https:\/\/louisxivenergy.com\/fr\/wp-json\/wp\/v2\/pages\/245506\/revisions\/245609"}],"wp:attachment":[{"href":"https:\/\/louisxivenergy.com\/fr\/wp-json\/wp\/v2\/media?parent=245506"}],"curies":[{"name":"wp","href":"https:\/\/api.w.org\/{rel}","templated":true}]}}