{"id":246495,"date":"2024-11-05T11:08:55","date_gmt":"2024-11-05T10:08:55","guid":{"rendered":"https:\/\/louisxivenergy.com\/maojam\/"},"modified":"2024-11-05T11:18:01","modified_gmt":"2024-11-05T10:18:01","slug":"maojam","status":"publish","type":"page","link":"https:\/\/louisxivenergy.com\/en\/maojam\/","title":{"rendered":"maojam"},"content":{"rendered":"<p>[et_pb_section fb_built=&#8221;1&#8243; _builder_version=&#8221;4.27.2&#8243; background_color=&#8221;#000000&#8243; global_colors_info=&#8221;{}&#8221;][et_pb_row _builder_version=&#8221;4.16&#8243; background_size=&#8221;initial&#8221; background_position=&#8221;top_left&#8221; background_repeat=&#8221;repeat&#8221; global_colors_info=&#8221;{}&#8221;][et_pb_column type=&#8221;4_4&#8243; _builder_version=&#8221;4.16&#8243; custom_padding=&#8221;|||&#8221; global_colors_info=&#8221;{}&#8221; custom_padding__hover=&#8221;|||&#8221;][et_pb_text _builder_version=&#8221;4.16&#8243; background_size=&#8221;initial&#8221; background_position=&#8221;top_left&#8221; background_repeat=&#8221;repeat&#8221; hover_enabled=&#8221;0&#8243; global_colors_info=&#8221;{}&#8221; sticky_enabled=&#8221;0&#8243;]<em><strong>Maojam \u2013 The app that makes your music visible!<\/strong><\/em><\/p>\n<p><em>The idea for Maojam was born out of a passion to make it easier for musicians to get more gigs and advance their careers. Whether you&#8217;re just starting out or you&#8217;ve been on stage for a while, Maojam gives you the platform you need to be seen. <\/em><\/p>\n<p><em>With Maojam you can find new gigs, network with promoters and get to know other creative minds who support you on your way. This isn&#8217;t just about connections, it&#8217;s about getting your music heard and celebrated! The app helps you grow your fanbase, increase your reach, and get started with your skills.  <\/em><\/p>\n<p><em>Be part of it and become part of the Maoyam community. Download the app now and get your music where it belongs \u2013 on stage! <\/em><\/p>\n<p><em>Let&#8217;s jam on Maojam<\/em><br \/>\n[\/et_pb_text][\/et_pb_column][\/et_pb_row][et_pb_row column_structure=&#8221;1_2,1_2&#8243; _builder_version=&#8221;4.27.2&#8243; _module_preset=&#8221;default&#8221; global_colors_info=&#8221;{}&#8221;][et_pb_column type=&#8221;1_2&#8243; _builder_version=&#8221;4.27.2&#8243; _module_preset=&#8221;default&#8221; global_colors_info=&#8221;{}&#8221;][et_pb_image src=&#8221;https:\/\/louisxivenergy.com\/wp-content\/uploads\/2024\/11\/maojam-banner-logo.png&#8221; align=&#8221;center&#8221; _builder_version=&#8221;4.27.2&#8243; _module_preset=&#8221;default&#8221; global_colors_info=&#8221;{}&#8221;][\/et_pb_image][\/et_pb_column][et_pb_column type=&#8221;1_2&#8243; _builder_version=&#8221;4.27.2&#8243; _module_preset=&#8221;default&#8221; global_colors_info=&#8221;{}&#8221;][et_pb_image src=&#8221;https:\/\/louisxivenergy.com\/wp-content\/uploads\/2024\/11\/webmail.hoststar.jpg&#8221; title_text=&#8221;webmail.hoststar&#8221; _builder_version=&#8221;4.27.2&#8243; _module_preset=&#8221;default&#8221; global_colors_info=&#8221;{}&#8221;][\/et_pb_image][\/et_pb_column][\/et_pb_row][\/et_pb_section]<\/p>\n","protected":false},"excerpt":{"rendered":"<p>Maojam \u2013 The app that makes your music visible! The idea for Maojam was born out of a passion to make it easier for musicians to get more gigs and advance their careers. Whether you&#8217;re just starting out or you&#8217;ve been on stage for a while, Maojam gives you the platform you need to be [&hellip;]<\/p>\n","protected":false},"author":6,"featured_media":0,"parent":0,"menu_order":0,"comment_status":"closed","ping_status":"closed","template":"","meta":{"_et_pb_use_builder":"on","_et_pb_old_content":"<p><em><strong>Maojam \u2013 Die App, die eure Musik sichtbar macht!<\/strong><\/em><\/p><p><em>Die Idee zu Maojam entstand aus der Leidenschaft, MusikerInnen den Weg zu vereinfachen, mehr Auftritte zu bekommen und ihre Karriere voranzutreiben. Egal, ob du gerade erst anf\u00e4ngst oder schon l\u00e4nger auf der B\u00fchne stehst \u2013 Maojam bietet dir die Plattform, die du brauchst, um gesehen zu werden.<\/em><\/p><p><em>Mit Maojam findest du neue Gigs, vernetzt dich mit Veranstalter*innen und lernst andere kreative K\u00f6pfe kennen, die dich auf deinem Weg unterst\u00fctzen. Hier geht es nicht nur um Connections, sondern darum, dass deine Musik geh\u00f6rt und gefeiert wird! Die App hilft dir, deine Fanbase zu vergr\u00f6\u00dfern, deine Reichweite zu steigern und mit deinen Skills durchzustarten.<\/em><\/p><p><em>Sei dabei und werde Teil der Maojam-Community. Lade die App jetzt herunter und bring deine Musik dahin, wo sie hingeh\u00f6rt \u2013 auf die B\u00fchne!<\/em><\/p><p><em>Let`s jam on Maojam<\/em><\/p>","_et_gb_content_width":"","footnotes":""},"class_list":["post-246495","page","type-page","status-publish","hentry"],"_links":{"self":[{"href":"https:\/\/louisxivenergy.com\/en\/wp-json\/wp\/v2\/pages\/246495","targetHints":{"allow":["GET"]}}],"collection":[{"href":"https:\/\/louisxivenergy.com\/en\/wp-json\/wp\/v2\/pages"}],"about":[{"href":"https:\/\/louisxivenergy.com\/en\/wp-json\/wp\/v2\/types\/page"}],"author":[{"embeddable":true,"href":"https:\/\/louisxivenergy.com\/en\/wp-json\/wp\/v2\/users\/6"}],"replies":[{"embeddable":true,"href":"https:\/\/louisxivenergy.com\/en\/wp-json\/wp\/v2\/comments?post=246495"}],"version-history":[{"count":9,"href":"https:\/\/louisxivenergy.com\/en\/wp-json\/wp\/v2\/pages\/246495\/revisions"}],"predecessor-version":[{"id":246528,"href":"https:\/\/louisxivenergy.com\/en\/wp-json\/wp\/v2\/pages\/246495\/revisions\/246528"}],"wp:attachment":[{"href":"https:\/\/louisxivenergy.com\/en\/wp-json\/wp\/v2\/media?parent=246495"}],"curies":[{"name":"wp","href":"https:\/\/api.w.org\/{rel}","templated":true}]}}